{"id":2815,"date":"2018-06-26T13:29:22","date_gmt":"2018-06-26T13:29:22","guid":{"rendered":"https:\/\/blog.nicolasderauglaudre.net\/?page_id=2815"},"modified":"2024-02-10T11:21:42","modified_gmt":"2024-02-10T11:21:42","slug":"medias","status":"publish","type":"page","link":"https:\/\/blog.nicolasderauglaudre.net\/?page_id=2815","title":{"rendered":"M\u00e9dias"},"content":{"rendered":"<p><img loading=\"lazy\" decoding=\"async\" class=\"alignright size-large wp-image-1332883\" src=\"https:\/\/blog.nicolasderauglaudre.net\/wp-content\/uploads\/2021\/08\/2021-06-02-Mombuey-Entrepenas-41p-1024x472.jpg\" alt=\"\" width=\"640\" height=\"295\" srcset=\"https:\/\/blog.nicolasderauglaudre.net\/wp-content\/uploads\/2021\/08\/2021-06-02-Mombuey-Entrepenas-41p-1024x472.jpg 1024w, https:\/\/blog.nicolasderauglaudre.net\/wp-content\/uploads\/2021\/08\/2021-06-02-Mombuey-Entrepenas-41p-300x138.jpg 300w, https:\/\/blog.nicolasderauglaudre.net\/wp-content\/uploads\/2021\/08\/2021-06-02-Mombuey-Entrepenas-41p-768x354.jpg 768w, https:\/\/blog.nicolasderauglaudre.net\/wp-content\/uploads\/2021\/08\/2021-06-02-Mombuey-Entrepenas-41p.jpg 1302w\" sizes=\"auto, (max-width: 640px) 100vw, 640px\" \/><\/p>\n<hr style=\"width: 600px; color: #ff0000; background-color: #ff0000; height: 2px;\" align=\"center\" \/>\n<p style=\"text-align: center;\"><span style=\"font-family: trebuchet ms,geneva,sans-serif;\"><strong>ARTICLES sur ma derni\u00e8re marche<br \/>\n(Camino Mozarabe 2021)<br \/>\n<\/strong><\/span><\/p>\n<ul>\n<li><a style=\"text-decoration: none;\" href=\"http:\/\/www.nicolasderauglaudre.net\/compostelle-articles\/articleespagnol1.png\">ARTICLE ESPAGNOL 1<\/a> : <em>\u00ab\u00a0Un peregrino con una pierna\u00a0\u00bb<\/em> (Revue Hoy, Extremadure &#8211; Septembre 2020)<\/li>\n<li style=\"text-align: left;\"><a style=\"text-decoration: none;\" href=\"http:\/\/www.nicolasderauglaudre.net\/compostelle-articles\/articleespagnol2.png\">ARTICLE ESPAGNOL 2<\/a> : <em>\u00ab\u00a0El peregrino cangrejo y el caminante cojo\u00a0\u00bb<\/em>(Revue \u00ab\u00a0la Voz de Galicia\u00a0\u00bb, Galice &#8211; 30 Janvier 2021)<\/li>\n<li style=\"text-align: left;\"><a style=\"text-decoration: none;\" href=\"http:\/\/www.nicolasderauglaudre.net\/compostelle-articles\/articleespagnol3.png\">ARTICLE ESPAGNOL 3<\/a> : <em>\u00ab\u00a0Un peregrino hace el Camino de Santiago por Sanabria&#8230; con una sola pierna\u00a0\u00bb<\/em> (Revue \u00ab\u00a0La opinion de Zamora\u00a0\u00bb, Galice &#8211; 04 Juin 2021)<\/li>\n<li style=\"text-align: left;\"><a style=\"text-decoration: none;\" href=\"http:\/\/www.nicolasderauglaudre.net\/compostelle-articles\/articleespagnol4-1.png\">ARTICLE ESPAGNOL 4-1 : <em>\u00ab\u00a0El Camino sin una pierna\u00a0\u00bb<\/em><\/a> (Revue \u00ab\u00a0La Region\u00a0\u00bb, Galice &#8211; 09 Juin 2021), et 2 compl\u00e9mentaires sur la m\u00eame revue : <a href=\"http:\/\/www.nicolasderauglaudre.net\/compostelle-articles\/articleespagnol4-2.png\">4-2<\/a> et <a href=\"http:\/\/www.nicolasderauglaudre.net\/compostelle-articles\/articleespagnol4-3.png\">4-3<\/a><\/li>\n<li><a href=\"http:\/\/www.nicolasderauglaudre.net\/compostelle-articles\/articleespagnol5.png\">ARTICLE ESPAGNOL 5<\/a> :<em> \u00ab\u00a0El peregrino de la pierna ortopedica\u00a0\u00bb<\/em> (Revue \u00ab\u00a0La Voz de Galicia\u00a0\u00bb, Galice, 16 Juin 2021)<\/li>\n<li><a href=\"http:\/\/www.nicolasderauglaudre.net\/compostelle-articles\/2021-06-23-La-Croix.pdf\">Journal LA CROIX<\/a> : <em>\u00ab\u00a0La travers\u00e9e vers Compostelle de deux p\u00e8lerins unijambistes\u00a0\u00bb<\/em> (26 Juin 2021) &#8211; <strong>en format pdf<\/strong> &#8211;<\/li>\n<\/ul>\n<p style=\"text-align: center;\"><span style=\"font-size: 14pt;\"><strong>Autres articles<\/strong><\/span><\/p>\n<ul>\n<li style=\"list-style-type: none;\">\n<ul>\n<li><a href=\"https:\/\/www.nicolasderauglaudre.net\/compostelle-articles\/2017-02-02-article_Pelerin.pdf\">ARTICLE DU P\u00c8LERIN<\/a> (F\u00e9vrier 2017)<\/li>\n<li><a href=\"http:\/\/www.nicolasderauglaudre.net\/compostelle-articles\/daube1.html\">ARTICLE du DAUPHIN\u00c9 LIB\u00c9R\u00c9<\/a>. <em>(12 Octobre 2014)<\/em><img loading=\"lazy\" decoding=\"async\" class=\"wp-image-1586 alignright\" src=\"https:\/\/blog.nicolasderauglaudre.net\/wp-content\/uploads\/2013\/08\/logo_Dauphin\u00e9-Libere-mini.jpg\" alt=\"logo_Dauphin\u00e9 Libere-mini\" width=\"150\" height=\"36\" \/><\/li>\n<li><a href=\"https:\/\/www.nicolasderauglaudre.net\/compostelle-articles\/daube2.html\">Autre ARTICLE du DAUPHIN\u00c9 LIB\u00c9R\u00c9<\/a> <em>(D\u00e9cembre 2020)<\/em><\/li>\n<li><a href=\"https:\/\/blog.nicolasderauglaudre.net\/articles\/RVX-85-V2__page%2022-23.pdf\">ARTICLE \u00ab\u00a0VIE CHR\u00c9TIENNE\u00a0\u00bb<\/a> (sur Teilhard et la marche)<\/li>\n<li><img loading=\"lazy\" decoding=\"async\" class=\" wp-image-2096 alignright\" src=\"https:\/\/blog.nicolasderauglaudre.net\/wp-content\/uploads\/2017\/05\/logo-ADEPAbis-300x152.jpg\" alt=\"\" width=\"227\" height=\"115\" srcset=\"https:\/\/blog.nicolasderauglaudre.net\/wp-content\/uploads\/2017\/05\/logo-ADEPAbis-300x152.jpg 300w, https:\/\/blog.nicolasderauglaudre.net\/wp-content\/uploads\/2017\/05\/logo-ADEPAbis.jpg 379w\" sizes=\"auto, (max-width: 227px) 100vw, 227px\" \/><a href=\"https:\/\/blog.nicolasderauglaudre.net\/articles\/ADEPA-revue.pdf\">ARTICLE de la revue ADEPA<\/a><em> (revue handicap\u00e9s)<br \/>\n-Voir d&rsquo;autres revues du Magazine ADEPA sur la page handicap\u00e9s<br \/>\n<\/em><\/li>\n<\/ul>\n<\/li>\n<\/ul>\n<hr style=\"width: 600px; color: #ff0000; background-color: #ff0000; height: 2px;\" align=\"center\" \/>\n<p style=\"text-align: center;\"><strong>4 interviews radio sur mon aventure de Compostelle<\/strong><\/p>\n<ul>\n<li style=\"text-align: left;\"><span style=\"font-family: trebuchet ms,geneva,sans-serif;\">Interview Vincent Belotti (RCF 26 ao\u00fbt 2015)<\/span><br \/>\n<audio class=\"wp-audio-shortcode\" id=\"audio-2815-1\" preload=\"none\" style=\"width: 100%;\" controls=\"controls\"><source type=\"audio\/mpeg\" src=\"https:\/\/blog.nicolasderauglaudre.net\/wp-content\/uploads\/2015\/02\/Interview_Vincent-Belotti-Compostelle.mp3?_=1\" \/><a href=\"https:\/\/blog.nicolasderauglaudre.net\/wp-content\/uploads\/2015\/02\/Interview_Vincent-Belotti-Compostelle.mp3\">https:\/\/blog.nicolasderauglaudre.net\/wp-content\/uploads\/2015\/02\/Interview_Vincent-Belotti-Compostelle.mp3<\/a><\/audio><\/li>\n<li style=\"text-align: left;\"><span style=\"font-family: trebuchet ms,geneva,sans-serif;\"><span style=\"font-family: trebuchet ms,geneva,sans-serif;\">\u00c9mission Grand Angle Mai 2017)<br \/>\n<\/span><\/span><audio class=\"wp-audio-shortcode\" id=\"audio-2815-2\" preload=\"none\" style=\"width: 100%;\" controls=\"controls\"><source type=\"audio\/mpeg\" src=\"https:\/\/blog.nicolasderauglaudre.net\/wp-content\/uploads\/2022\/05\/Marcher-pour-reinventer-sa-vie.mp3?_=2\" \/><a href=\"https:\/\/blog.nicolasderauglaudre.net\/wp-content\/uploads\/2022\/05\/Marcher-pour-reinventer-sa-vie.mp3\">https:\/\/blog.nicolasderauglaudre.net\/wp-content\/uploads\/2022\/05\/Marcher-pour-reinventer-sa-vie.mp3<\/a><\/audio><\/li>\n<li style=\"text-align: left;\"><span style=\"font-family: trebuchet ms,geneva,sans-serif;\">Conf\u00e9rence Angoul\u00eame (14 Mars 2019)<\/span><br \/>\n<audio class=\"wp-audio-shortcode\" id=\"audio-2815-3\" preload=\"none\" style=\"width: 100%;\" controls=\"controls\"><source type=\"audio\/mpeg\" src=\"https:\/\/www.nicolasderauglaudre.net\/2019-03-14-RCF_Charente.mp3?_=3\" \/><a href=\"https:\/\/www.nicolasderauglaudre.net\/2019-03-14-RCF_Charente.mp3\">https:\/\/www.nicolasderauglaudre.net\/2019-03-14-RCF_Charente.mp3<\/a><\/audio><\/li>\n<li style=\"text-align: left;\"><span style=\"font-family: trebuchet ms,geneva,sans-serif;\">Interview Yannick Bournat (journaliste Dauphin\u00e9 &#8211; 1er D\u00e9cembre 2020)<\/span><br \/>\n<audio class=\"wp-audio-shortcode\" id=\"audio-2815-4\" preload=\"none\" style=\"width: 100%;\" controls=\"controls\"><source type=\"audio\/mpeg\" src=\"https:\/\/www.nicolasderauglaudre.net\/2020-12-01-YannickBournat.mp3?_=4\" \/><a href=\"https:\/\/www.nicolasderauglaudre.net\/2020-12-01-YannickBournat.mp3\">https:\/\/www.nicolasderauglaudre.net\/2020-12-01-YannickBournat.mp3<\/a><\/audio><\/li>\n<\/ul>\n<hr style=\"width: 600px; color: #ff0000; background-color: #ff0000; height: 2px;\" align=\"center\" \/>\n<p style=\"text-align: center;\"><strong>VID\u00c9OS DIVERSES<\/strong><\/p>\n<ul>\n<li><span style=\"font-family: trebuchet ms,geneva,sans-serif;\">Forum des P\u00e8lerins 2017 (concentr\u00e9)<\/span> : VID\u00c9O YOUTUBE<\/li>\n<\/ul>\n","protected":false},"excerpt":{"rendered":"<p>ARTICLES sur ma derni\u00e8re marche (Camino Mozarabe 2021) ARTICLE ESPAGNOL 1 : \u00ab\u00a0Un peregrino con una pierna\u00a0\u00bb (Revue Hoy, Extremadure &#8211; Septembre 2020) ARTICLE ESPAGNOL 2 : \u00ab\u00a0El peregrino cangrejo y el caminante cojo\u00a0\u00bb(Revue \u00ab\u00a0la Voz de Galicia\u00a0\u00bb, Galice &#8211; &hellip; <a href=\"https:\/\/blog.nicolasderauglaudre.net\/?page_id=2815\">Continuer la lecture <span class=\"meta-nav\">&rarr;<\/span><\/a><\/p>\n","protected":false},"author":1,"featured_media":0,"parent":0,"menu_order":0,"comment_status":"closed","ping_status":"closed","template":"","meta":{"footnotes":""},"class_list":["post-2815","page","type-page","status-publish","hentry"],"_links":{"self":[{"href":"https:\/\/blog.nicolasderauglaudre.net\/index.php?rest_route=\/wp\/v2\/pages\/2815","targetHints":{"allow":["GET"]}}],"collection":[{"href":"https:\/\/blog.nicolasderauglaudre.net\/index.php?rest_route=\/wp\/v2\/pages"}],"about":[{"href":"https:\/\/blog.nicolasderauglaudre.net\/index.php?rest_route=\/wp\/v2\/types\/page"}],"author":[{"embeddable":true,"href":"https:\/\/blog.nicolasderauglaudre.net\/index.php?rest_route=\/wp\/v2\/users\/1"}],"replies":[{"embeddable":true,"href":"https:\/\/blog.nicolasderauglaudre.net\/index.php?rest_route=%2Fwp%2Fv2%2Fcomments&post=2815"}],"version-history":[{"count":1,"href":"https:\/\/blog.nicolasderauglaudre.net\/index.php?rest_route=\/wp\/v2\/pages\/2815\/revisions"}],"predecessor-version":[{"id":1838481,"href":"https:\/\/blog.nicolasderauglaudre.net\/index.php?rest_route=\/wp\/v2\/pages\/2815\/revisions\/1838481"}],"wp:attachment":[{"href":"https:\/\/blog.nicolasderauglaudre.net\/index.php?rest_route=%2Fwp%2Fv2%2Fmedia&parent=2815"}],"curies":[{"name":"wp","href":"https:\/\/api.w.org\/{rel}","templated":true}]}}