{"id":1838263,"date":"2023-10-07T15:58:53","date_gmt":"2023-10-07T15:58:53","guid":{"rendered":"https:\/\/blog.nicolasderauglaudre.net\/?page_id=1838263"},"modified":"2025-10-19T17:25:03","modified_gmt":"2025-10-19T17:25:03","slug":"publications","status":"publish","type":"page","link":"https:\/\/blog.nicolasderauglaudre.net\/?page_id=1838263","title":{"rendered":"Livres"},"content":{"rendered":"\n<p class=\"has-text-align-center has-white-color has-text-color has-background has-link-color wp-elements-0123c526ea43fc32613a869881e86e43\" style=\"background-color:#0b321f\"><strong>LIVRES<\/strong><\/p>\n\n\n\n<div class=\"wp-block-group is-vertical is-layout-flex wp-container-core-group-is-layout-8cf370e7 wp-block-group-is-layout-flex\">\n<div class=\"wp-block-media-text is-stacked-on-mobile has-black-color has-text-color has-background has-link-color wp-elements-d1817e104830d45ec964f07ee9ef7f3f\" style=\"background-color:#4887fa63\"><figure class=\"wp-block-media-text__media\"><img loading=\"lazy\" decoding=\"async\" width=\"1024\" height=\"719\" src=\"https:\/\/blog.nicolasderauglaudre.net\/wp-content\/uploads\/2025\/07\/Trinite-pubs-p-1-1024x719.png\" alt=\"\" class=\"wp-image-1839087 size-full\" srcset=\"https:\/\/blog.nicolasderauglaudre.net\/wp-content\/uploads\/2025\/07\/Trinite-pubs-p-1-1024x719.png 1024w, https:\/\/blog.nicolasderauglaudre.net\/wp-content\/uploads\/2025\/07\/Trinite-pubs-p-1-300x211.png 300w, https:\/\/blog.nicolasderauglaudre.net\/wp-content\/uploads\/2025\/07\/Trinite-pubs-p-1-768x539.png 768w, https:\/\/blog.nicolasderauglaudre.net\/wp-content\/uploads\/2025\/07\/Trinite-pubs-p-1.png 1500w\" sizes=\"auto, (max-width: 1024px) 100vw, 1024px\" \/><\/figure><div class=\"wp-block-media-text__content\">\n<h2 class=\"wp-block-heading\"><span style=\"font-size: 10pt; font-family: trebuchet ms, geneva, sans-serif;\"><strong><img loading=\"lazy\" decoding=\"async\" width=\"70\" height=\"28\" class=\"alignright size-full wp-image-1217\" src=\"https:\/\/blog.nicolasderauglaudre.net\/wp-content\/uploads\/2013\/03\/nouveau2.gif\" alt=\"\"><\/strong><\/span><span style=\"font-family: trebuchet ms, geneva, sans-serif;\"><strong>Investigations trinitaires<\/strong><\/span><\/h2>\n\n\n\n<h4 class=\"wp-block-heading\"><span style=\"font-family: trebuchet ms, geneva, sans-serif;\"><strong> &#8211; Tomes 1 et 2 &#8211; <\/strong><\/span><\/h4>\n\n\n\n<p class=\"has-text-align-left has-background\" style=\"background-color:#b8d0fd\"><span style=\"font-family: trebuchet ms, geneva, sans-serif; font-size: 12pt;\">Pour les acheter, vous pouvez passer par la FNAC, par Decitre, les librairies ou directement chez l&rsquo;\u00e9diteur. <strong>18 et 19 \u20ac en librairie ou chez moi, \u00e0 35 \u20ac les 2 tomes + frais d&rsquo;envoi (8\u20ac environ) + une petite d\u00e9dicace.<\/strong> <\/span><br>Le Tome 3 est en route (2027 ?)<\/p>\n<\/div><\/div>\n\n\n\n<p class=\"has-background\" style=\"background-color:#4887fa63\"><span style=\"font-family: trebuchet ms, geneva, sans-serif; font-size: 12px;\">Tome 1 : apr\u00e8s quelques mots introductifs concernant l&rsquo;idol\u00e2trie, la magie, l&rsquo;essentialisation de notre discours, etc., j&rsquo;entre dans un proc\u00e8s des images id\u00e9alis\u00e9es ou essentialis\u00e9es de \u00ab\u00a0Dieu\u00a0\u00bb (P\u00e8re, transcendant, architecte, hyper conscience, panth\u00e9iste, etc.). Elles se heurtent toutes au personnage de Job qui renvoie toutes ces th\u00e9ologies \u00e0 leurs \u00e9metteurs. D&rsquo;o\u00f9 la question : la repr\u00e9sentation trinitaire (que je pr\u00e9f\u00e8re appeler \u00ab\u00a0le tourbillon trinitaire\u00a0\u00bb) peut-elle nous sortir de ces visions ?<\/span><br><span style=\"font-family: trebuchet ms, geneva, sans-serif; font-size: 12px;\">Tome 2 : la r\u00e9flexion se poursuite \u00e0 travers la repr\u00e9sentation dite \u00ab\u00a0psychologique\u00a0\u00bb de la Trinit\u00e9, en proposant des m\u00e9ditations sur l&rsquo;Esprit et sur la Parole, et en arri\u00e8re-fond, la triade M\u00e9moire_Intelligence-Volont\u00e9. Mais elle commence avec une proposition m\u00e9thodologique, puis une m\u00e9ditation sur la marche et la Trinit\u00e9, et elle se termine avec l&rsquo;interface Trinit\u00e9-Alliance.<\/span><\/p>\n<\/div>\n\n\n\n<div class=\"wp-block-group is-vertical is-layout-flex wp-container-core-group-is-layout-8cf370e7 wp-block-group-is-layout-flex\">\n<div class=\"wp-block-media-text has-media-on-the-right is-stacked-on-mobile has-background\" style=\"background-color:#8c360045;grid-template-columns:auto 49%\"><div class=\"wp-block-media-text__content\">\n<h2 class=\"wp-block-heading\"><span style=\"font-size: 10pt; font-family: trebuchet ms, geneva, sans-serif;\"><strong><img loading=\"lazy\" decoding=\"async\" width=\"70\" height=\"28\" class=\"alignright size-full wp-image-1217\" src=\"https:\/\/blog.nicolasderauglaudre.net\/wp-content\/uploads\/2013\/03\/nouveau2.gif\" alt=\"\"><\/strong><\/span>Myriam et Cl\u00e9ophas<\/h2>\n\n\n\n<ul class=\"wp-block-list\">\n<li><span style=\"font-family: trebuchet ms, geneva, sans-serif;\"><span style=\"font-size: 12pt;\">Vous pouvez le commander sur&nbsp; <strong>au prix de 13 \u20ac<\/strong><\/span> <\/span> <ul> <li><span style=\"font-size: 12pt; font-family: trebuchet ms, geneva, sans-serif;\">sinon, il est possible de le commander chez moi, <span style=\"color: #339966;\"><strong>au prix de 10 \u20ac<\/strong> <\/span><em>(onglet contact ci-dessus).<\/em><\/span><\/li> <\/ul>\n<ul class=\"wp-block-list\">\n<li><span style=\"font-size: 12pt; font-family: trebuchet ms, geneva, sans-serif;\">sinon, il est possible de le commander chez moi, <span style=\"color: #339966;\"><strong>au prix de 10 \u20ac<\/strong> <\/span><em>(onglet contact ci-dessus).<\/em><\/span><\/li>\n<\/ul>\n<\/li>\n<\/ul>\n<\/div><figure class=\"wp-block-media-text__media\"><img loading=\"lazy\" decoding=\"async\" width=\"1024\" height=\"717\" src=\"https:\/\/blog.nicolasderauglaudre.net\/wp-content\/uploads\/2023\/08\/Myriam-Cleophas-BoD2-2eme-edition-300-1024x717.png\" alt=\"\" class=\"wp-image-1838080 size-full\" srcset=\"https:\/\/blog.nicolasderauglaudre.net\/wp-content\/uploads\/2023\/08\/Myriam-Cleophas-BoD2-2eme-edition-300-1024x717.png 1024w, https:\/\/blog.nicolasderauglaudre.net\/wp-content\/uploads\/2023\/08\/Myriam-Cleophas-BoD2-2eme-edition-300-300x210.png 300w, https:\/\/blog.nicolasderauglaudre.net\/wp-content\/uploads\/2023\/08\/Myriam-Cleophas-BoD2-2eme-edition-300-768x538.png 768w, https:\/\/blog.nicolasderauglaudre.net\/wp-content\/uploads\/2023\/08\/Myriam-Cleophas-BoD2-2eme-edition-300-1536x1075.png 1536w, https:\/\/blog.nicolasderauglaudre.net\/wp-content\/uploads\/2023\/08\/Myriam-Cleophas-BoD2-2eme-edition-300-2048x1433.png 2048w\" sizes=\"auto, (max-width: 1024px) 100vw, 1024px\" \/><\/figure><\/div>\n\n\n\n<p class=\"has-background\" style=\"background-color:#8c360045\"><span style=\"font-family: trebuchet ms, geneva, sans-serif; font-size: 12px;\">R\u00e9cit des P\u00e8lerins d&rsquo;Emma\u00fcs dans l&rsquo;\u00c9vangile de Luc. Pourquoi ne pas imaginer que le p\u00e8lerin inconnu est simplement la femme de Cl\u00e9ophas, le premier p\u00e8lerin ? Ainsi, apparaissent deux visions diff\u00e9rentes (l&rsquo;une plus masculine, l&rsquo;autre plus f\u00e9minine) de la Passion du Christ J\u00e9sus et de la relecture de l\u2019histoire biblique.<\/span><\/p>\n<\/div>\n\n\n\n<div class=\"wp-block-group\"><div class=\"wp-block-group__inner-container is-layout-constrained wp-block-group-is-layout-constrained\">\n<h3 class=\"wp-block-heading\"><span style=\"font-size: 10pt; font-family: trebuchet ms, geneva, sans-serif;\"><strong>\u00e0 t\u00e9l\u00e9charger si vous voulez <\/strong><\/span><em><span style=\"font-size: 10pt; font-family: trebuchet ms, geneva, sans-serif;\">(demandez-moi via la page contact)<\/span><\/em><\/h3>\n<\/div><\/div>\n\n\n\n<div class=\"wp-block-group has-light-gray-background-color has-background\"><div class=\"wp-block-group__inner-container is-layout-constrained wp-block-group-is-layout-constrained\">\n<h3 class=\"wp-block-heading has-text-align-center\"><span style=\"font-family: trebuchet ms,geneva,sans-serif;\"><strong><span style=\"text-decoration: underline;\">CHEMIN DE COMPOSTELLE<\/span><\/strong><\/span><\/h3>\n\n\n<div class=\"wp-block-image\">\n<figure class=\"aligncenter size-large is-resized\"><img loading=\"lazy\" decoding=\"async\" width=\"1024\" height=\"794\" src=\"https:\/\/blog.nicolasderauglaudre.net\/wp-content\/uploads\/2025\/07\/Couverture2livres-bis-avecQRCode-1-1024x794.png\" alt=\"\" class=\"wp-image-1839103\" style=\"width:474px;height:334px\" srcset=\"https:\/\/blog.nicolasderauglaudre.net\/wp-content\/uploads\/2025\/07\/Couverture2livres-bis-avecQRCode-1-1024x794.png 1024w, https:\/\/blog.nicolasderauglaudre.net\/wp-content\/uploads\/2025\/07\/Couverture2livres-bis-avecQRCode-1-300x233.png 300w, https:\/\/blog.nicolasderauglaudre.net\/wp-content\/uploads\/2025\/07\/Couverture2livres-bis-avecQRCode-1-768x596.png 768w, https:\/\/blog.nicolasderauglaudre.net\/wp-content\/uploads\/2025\/07\/Couverture2livres-bis-avecQRCode-1-1536x1191.png 1536w, https:\/\/blog.nicolasderauglaudre.net\/wp-content\/uploads\/2025\/07\/Couverture2livres-bis-avecQRCode-1-2048x1588.png 2048w\" sizes=\"auto, (max-width: 1024px) 100vw, 1024px\" \/><figcaption class=\"wp-element-caption\">Mon \u00e9diteur les ayant presque tous \u00e9coul\u00e9s,<br> vous pouvez les commander directement chez moi : <br>35 \u20ac les deux tomes (ou 20 \u20ac chacun) + 7 \u20ac de frais d&rsquo;envoi.<br>Il m&rsquo;en reste encore quelques exemplaires<\/figcaption><\/figure>\n<\/div><\/div><\/div>\n\n\n\n<hr class=\"wp-block-separator has-alpha-channel-opacity\"\/>\n\n\n\n<h3 class=\"wp-block-heading has-text-align-center\"><span style=\"font-family: trebuchet ms,geneva,sans-serif;\"><strong><span style=\"text-decoration: underline;\">AUTOUR DU D\u00c9VELOPPEMENT SOUTENABLE<\/span><\/strong><\/span><\/h3>\n\n\n\n<div class=\"wp-block-media-text has-media-on-the-right is-stacked-on-mobile\" style=\"grid-template-columns:auto 29%\"><div class=\"wp-block-media-text__content\">\n<p><span style=\"font-family: trebuchet ms, geneva, sans-serif; font-size: 12px;\">Toutes les formes de temporalit\u00e9 se r\u00e9duisent-elles au temps universel des horloges et de la technologie ? Non, il en existe d\u2019autres, comme le temps de nos corps, de la vie sociale, ou encore celui des \u00e9cosyst\u00e8mes.<\/span><\/p>\n\n\n\n<p class=\"has-text-align-center\"><span style=\"font-family: trebuchet ms, geneva, sans-serif; font-size: 12px;\"><strong>\u00c9dit\u00e9 par les \u00c9ditions Charles-L\u00e9opold Mayer, 2003<\/strong><\/span><\/p>\n<\/div><figure class=\"wp-block-media-text__media\"><img loading=\"lazy\" decoding=\"async\" width=\"335\" height=\"520\" src=\"https:\/\/blog.nicolasderauglaudre.net\/wp-content\/uploads\/2013\/10\/apprivoiser_le_temps.jpg\" alt=\"\" class=\"wp-image-1278 size-full\" srcset=\"https:\/\/blog.nicolasderauglaudre.net\/wp-content\/uploads\/2013\/10\/apprivoiser_le_temps.jpg 335w, https:\/\/blog.nicolasderauglaudre.net\/wp-content\/uploads\/2013\/10\/apprivoiser_le_temps-193x300.jpg 193w\" sizes=\"auto, (max-width: 335px) 100vw, 335px\" \/><\/figure><\/div>\n\n\n\n<div class=\"wp-block-media-text is-stacked-on-mobile\" style=\"grid-template-columns:29% auto\"><figure class=\"wp-block-media-text__media\"><img loading=\"lazy\" decoding=\"async\" width=\"385\" height=\"367\" src=\"https:\/\/blog.nicolasderauglaudre.net\/wp-content\/uploads\/2013\/10\/temps-et-usages0.jpg\" alt=\"\" class=\"wp-image-1313 size-full\" srcset=\"https:\/\/blog.nicolasderauglaudre.net\/wp-content\/uploads\/2013\/10\/temps-et-usages0.jpg 385w, https:\/\/blog.nicolasderauglaudre.net\/wp-content\/uploads\/2013\/10\/temps-et-usages0-300x286.jpg 300w, https:\/\/blog.nicolasderauglaudre.net\/wp-content\/uploads\/2013\/10\/temps-et-usages0-315x300.jpg 315w\" sizes=\"auto, (max-width: 385px) 100vw, 385px\" \/><\/figure><div class=\"wp-block-media-text__content\">\n<p><span style=\"font-family: trebuchet ms, geneva, sans-serif; font-size: 12px;\">Soumission de toutes les temporalit\u00e9s (celles de la nature, de la subjectivit\u00e9\u2026) au seul temps technologique ou \u00e9conomique, sentiment d\u2019impuissance face \u00e0 l\u2019acc\u00e9l\u00e9ration des mutations\u2026 nos soci\u00e9t\u00e9s sont malades du temps. Le passage \u00e0 un d\u00e9veloppement soutenable requiert de sortir d\u2019une logique purement quantitative du temps, et de savoir mieux articuler les diff\u00e9rents rythmes \u00e0 l\u2019\u0153uvre dans nos soci\u00e9t\u00e9s.<\/span><\/p>\n\n\n\n<p class=\"has-text-align-center\"><span style=\"font-family: trebuchet ms, geneva, sans-serif; font-size: 12px;\"><strong>\u00c9dit\u00e9 par les \u00c9ditions Charles-L\u00e9opold Mayer, 2002<\/strong><\/span><\/p>\n<\/div><\/div>\n\n\n\n<hr class=\"wp-block-separator has-alpha-channel-opacity\"\/>\n\n\n\n<h3 class=\"wp-block-heading has-text-align-center\"><span style=\"font-family: trebuchet ms,geneva,sans-serif;\"><strong><span style=\"text-decoration: underline;\">ROMANS<\/span><\/strong><\/span><\/h3>\n\n\n\n<div class=\"wp-block-media-text has-media-on-the-right is-stacked-on-mobile has-light-gray-background-color has-background\" style=\"grid-template-columns:auto 32%\"><div class=\"wp-block-media-text__content\">\n<p><span style=\"font-family: trebuchet ms, geneva, sans-serif; font-size: 12px;\">Vingt-troisi\u00e8me si\u00e8cle. Les colonies se d\u00e9veloppent sur la plan\u00e8te Mars. Les contraintes de la vie dans des communaut\u00e9s restreintes, les exigences du d\u00e9veloppement autonome et l&rsquo;hostilit\u00e9 d&rsquo;un environnement dangereux, sont temp\u00e9r\u00e9es par les rites de la religion cosmique. Celle-ci est constitu\u00e9e d&rsquo;un ensemble de pratiques et d&rsquo;une \u00e9thique destin\u00e9s \u00e0 mobiliser les esprits et \u00e0 r\u00e9guler les passions. N\u00e9 sur Mars, Igor Estrella, technicien de haut niveau, aspire \u00e0 conna\u00eetre la Terre d&rsquo;origine. Par chance, il obtient l&rsquo;autorisation d&rsquo;y effectuer un s\u00e9jour. Le hasard va l&rsquo;entra\u00eener dans une \u00e9pop\u00e9e au c\u0153ur de r\u00e9alit\u00e9s sociales et \u00e9cologiques que son \u00e9ducation ne lui avait pas fait soup\u00e7onner. D\u00e9bats entre croyances h\u00e9riti\u00e8res des religions proph\u00e9tiques, ath\u00e9isme et religiosit\u00e9 cosmique, complot politique et m\u00e9diatique, \u00e9motions sentimentales, amiti\u00e9s contre-nature \u00e9maillent l&rsquo;itin\u00e9raire d&rsquo;Igor. Les femmes occupent une place centrale dans ce roman initiatique, impr\u00e9gn\u00e9 de la fluidit\u00e9 du temps et de l&rsquo;univers.<\/span><\/p>\n\n\n\n<p class=\"has-text-align-right\"><span style=\"font-family: trebuchet ms, geneva, sans-serif; font-size: 12px;\"><strong>\u00c9dit\u00e9 par France Europe \u00c9ditions, 2006, 316 pages<\/strong><\/span><\/p>\n<\/div><figure class=\"wp-block-media-text__media\"><img loading=\"lazy\" decoding=\"async\" width=\"182\" height=\"204\" src=\"https:\/\/blog.nicolasderauglaudre.net\/wp-content\/uploads\/2013\/10\/un-point-bleu-e1474805332903.gif\" alt=\"\" class=\"wp-image-1316 size-full\"\/><\/figure><\/div>\n\n\n\n<p>Il est vraisemblable que je r\u00e9\u00e9crive ce roman, l&rsquo;\u00e9diteur ayant exig\u00e9 des conditions qui m&rsquo;ont fait sabrer des parties et rater la fin !<\/p>\n\n\n\n<hr class=\"wp-block-separator has-alpha-channel-opacity\"\/>\n\n\n\n<h3 class=\"wp-block-heading has-text-align-center\"><span style=\"font-family: trebuchet ms,geneva,sans-serif;\"><strong><span style=\"text-decoration: underline;\">CDROM Teilhard<\/span><\/strong><\/span><\/h3>\n\n\n\n<div class=\"wp-block-media-text is-stacked-on-mobile\" style=\"grid-template-columns:32% auto\"><figure class=\"wp-block-media-text__media\"><a href=\"http:\/\/teilhard.nicolasderauglaudre.net\/teilhard.html\"><img loading=\"lazy\" decoding=\"async\" width=\"237\" height=\"210\" src=\"https:\/\/blog.nicolasderauglaudre.net\/wp-content\/uploads\/2017\/07\/cdrom_teilhard_petit.jpg\" alt=\"\" class=\"wp-image-2293 size-full\"\/><\/a><\/figure><div class=\"wp-block-media-text__content\">\n<p>Ce n&rsquo;est plus d&rsquo;actualit\u00e9, mais tout le contenu est d\u00e9sormais sur le site internet interactif que j&rsquo;ai cr\u00e9\u00e9.<\/p>\n\n\n\n<p><em>Cliquer sur l&rsquo;image pour y acc\u00e9der<\/em><\/p>\n<\/div><\/div>\n\n\n\n<hr class=\"wp-block-separator has-alpha-channel-opacity\"\/>\n\n\n\n\n","protected":false},"excerpt":{"rendered":"<p>LIVRES Investigations trinitaires &#8211; Tomes 1 et 2 &#8211; Pour les acheter, vous pouvez passer par la FNAC, par Decitre, les librairies ou directement chez l&rsquo;\u00e9diteur. 18 et 19 \u20ac en librairie ou chez moi, \u00e0 35 \u20ac les 2 &hellip; <a href=\"https:\/\/blog.nicolasderauglaudre.net\/?page_id=1838263\">Continuer la lecture <span class=\"meta-nav\">&rarr;<\/span><\/a><\/p>\n","protected":false},"author":1,"featured_media":0,"parent":0,"menu_order":0,"comment_status":"closed","ping_status":"closed","template":"","meta":{"footnotes":""},"class_list":["post-1838263","page","type-page","status-publish","hentry"],"_links":{"self":[{"href":"https:\/\/blog.nicolasderauglaudre.net\/index.php?rest_route=\/wp\/v2\/pages\/1838263","targetHints":{"allow":["GET"]}}],"collection":[{"href":"https:\/\/blog.nicolasderauglaudre.net\/index.php?rest_route=\/wp\/v2\/pages"}],"about":[{"href":"https:\/\/blog.nicolasderauglaudre.net\/index.php?rest_route=\/wp\/v2\/types\/page"}],"author":[{"embeddable":true,"href":"https:\/\/blog.nicolasderauglaudre.net\/index.php?rest_route=\/wp\/v2\/users\/1"}],"replies":[{"embeddable":true,"href":"https:\/\/blog.nicolasderauglaudre.net\/index.php?rest_route=%2Fwp%2Fv2%2Fcomments&post=1838263"}],"version-history":[{"count":39,"href":"https:\/\/blog.nicolasderauglaudre.net\/index.php?rest_route=\/wp\/v2\/pages\/1838263\/revisions"}],"predecessor-version":[{"id":1839402,"href":"https:\/\/blog.nicolasderauglaudre.net\/index.php?rest_route=\/wp\/v2\/pages\/1838263\/revisions\/1839402"}],"wp:attachment":[{"href":"https:\/\/blog.nicolasderauglaudre.net\/index.php?rest_route=%2Fwp%2Fv2%2Fmedia&parent=1838263"}],"curies":[{"name":"wp","href":"https:\/\/api.w.org\/{rel}","templated":true}]}}