{"id":1838144,"date":"2023-10-07T13:43:30","date_gmt":"2023-10-07T13:43:30","guid":{"rendered":"https:\/\/blog.nicolasderauglaudre.net\/?page_id=1838144"},"modified":"2025-10-19T17:16:53","modified_gmt":"2025-10-19T17:16:53","slug":"accueil","status":"publish","type":"page","link":"https:\/\/blog.nicolasderauglaudre.net\/","title":{"rendered":"Accueil"},"content":{"rendered":"\n<h2 class=\"wp-block-heading has-text-align-center has-text-color\" style=\"color:#457859\">Bienvenue sur le blog libre de Nicolas de Rauglaudre<\/h2>\n\n\n\n<p class=\"has-text-align-center has-text-color\" style=\"color:#457859\">(marcheur handicap\u00e9, ancien enseignant-chercheur pluridisciplinaire)<\/p>\n\n\n\n<hr class=\"wp-block-separator has-text-color has-alpha-channel-opacity has-background is-style-wide\" style=\"background-color:#800000;color:#800000\"\/>\n\n\n\n<p class=\"has-text-color has-background\" style=\"color:#800000;background-color:#faa7a7\">(Pascal) :<em> \u00ab Toutes choses \u00e9tant caus\u00e9es et causantes, aid\u00e9es et aidantes, m\u00e9diates et imm\u00e9diates et toutes par un lien naturel et insensible qui lie les plus \u00e9loign\u00e9es et les plus diff\u00e9rentes,<strong> je tiens impossible de conna\u00eetre les parties sans conna\u00eetre le tout, non plus que de conna\u00eetre le tout sans conna\u00eetre particuli\u00e8rement les parties \u00bb\u00a0 <\/strong>(et j&rsquo;ajoute : \u00ab\u00a0et leur histoire\u00a0\u00bb)<\/em><\/p>\n\n\n\n<hr class=\"wp-block-separator has-text-color has-alpha-channel-opacity has-background is-style-wide\" style=\"background-color:#800000;color:#800000\"\/>\n\n\n\n<div class=\"wp-block-media-text is-stacked-on-mobile is-vertically-aligned-center has-text-color has-background has-link-color wp-elements-952cb3ae74d59149b989502cfecb1a3a\" style=\"color:#457859;background-color:#fbf7c3;grid-template-columns:15% auto\"><figure class=\"wp-block-media-text__media\"><img loading=\"lazy\" decoding=\"async\" width=\"70\" height=\"28\" src=\"https:\/\/blog.nicolasderauglaudre.net\/wp-content\/uploads\/2013\/03\/nouveau2.gif\" alt=\"\" class=\"wp-image-1217 size-full\"\/><\/figure><div class=\"wp-block-media-text__content\">\n<div class=\"wp-block-media-text has-media-on-the-right is-stacked-on-mobile\" style=\"grid-template-columns:auto 43%\"><div class=\"wp-block-media-text__content\">\n<p class=\"has-text-color has-link-color wp-elements-587929ff5d77751615fd41ee99abe688\" style=\"color:#457859\"><strong>Marche entre amput\u00e9s et valides, du 7 au 22 avril, dans la Sierra Nevada.<\/strong><\/p>\n\n\n\n<ul style=\"color:#457859\" class=\"wp-block-list has-text-color has-link-color wp-elements-f2a782382c36adb5abc39040f7e456d7\">\n<li><em>Suivre le lien en cliquant sur l&rsquo;image.<\/em><\/li>\n<\/ul>\n<\/div><figure class=\"wp-block-media-text__media\"><a href=\"https:\/\/blog.nicolasderauglaudre.net\/?p=1838824\"><img loading=\"lazy\" decoding=\"async\" width=\"1024\" height=\"768\" src=\"https:\/\/blog.nicolasderauglaudre.net\/wp-content\/uploads\/2025\/07\/IMG-20250412-WA0014-1024x768.jpg\" alt=\"\" class=\"wp-image-1839071 size-full\" srcset=\"https:\/\/blog.nicolasderauglaudre.net\/wp-content\/uploads\/2025\/07\/IMG-20250412-WA0014-1024x768.jpg 1024w, https:\/\/blog.nicolasderauglaudre.net\/wp-content\/uploads\/2025\/07\/IMG-20250412-WA0014-300x225.jpg 300w, https:\/\/blog.nicolasderauglaudre.net\/wp-content\/uploads\/2025\/07\/IMG-20250412-WA0014-768x576.jpg 768w, https:\/\/blog.nicolasderauglaudre.net\/wp-content\/uploads\/2025\/07\/IMG-20250412-WA0014-1536x1152.jpg 1536w, https:\/\/blog.nicolasderauglaudre.net\/wp-content\/uploads\/2025\/07\/IMG-20250412-WA0014.jpg 1600w\" sizes=\"auto, (max-width: 1024px) 100vw, 1024px\" \/><\/a><\/figure><\/div>\n\n\n\n<div class=\"wp-block-media-text is-stacked-on-mobile\"><figure class=\"wp-block-media-text__media\"><a href=\"https:\/\/blog.nicolasderauglaudre.net\/?page_id=1838263\"><img loading=\"lazy\" decoding=\"async\" width=\"1024\" height=\"719\" src=\"https:\/\/blog.nicolasderauglaudre.net\/wp-content\/uploads\/2025\/07\/Trinite-pubs-p-1024x719.png\" alt=\"\" class=\"wp-image-1839080 size-full\" srcset=\"https:\/\/blog.nicolasderauglaudre.net\/wp-content\/uploads\/2025\/07\/Trinite-pubs-p-1024x719.png 1024w, https:\/\/blog.nicolasderauglaudre.net\/wp-content\/uploads\/2025\/07\/Trinite-pubs-p-300x211.png 300w, https:\/\/blog.nicolasderauglaudre.net\/wp-content\/uploads\/2025\/07\/Trinite-pubs-p-768x539.png 768w, https:\/\/blog.nicolasderauglaudre.net\/wp-content\/uploads\/2025\/07\/Trinite-pubs-p.png 1500w\" sizes=\"auto, (max-width: 1024px) 100vw, 1024px\" \/><\/a><\/figure><div class=\"wp-block-media-text__content\">\n<p class=\"has-text-align-left has-text-color has-link-color wp-elements-59ad429887c803c2fab67f7e0cb6d9ef\" style=\"color:#457859\"><strong>Les investigations trinitaires<\/strong> (2 tomes \u00e9crits)<\/p>\n\n\n\n<p class=\"has-text-align-center has-text-color has-link-color wp-elements-c8167a57e0d6a4a6a5c0ab57d11026b0\" style=\"color:#457859\">( version livre)<\/p>\n\n\n\n<p class=\"has-text-align-center has-text-color has-link-color wp-elements-14c39e036a2e7212dd1853594c084eb6\" style=\"color:#457859\"><em><strong>et autres \u00e9crits<\/strong><\/em>\u00a0<\/p>\n<\/div><\/div>\n<\/div><\/div>\n\n\n\n<div class=\"wp-block-columns has-text-color has-background is-layout-flex wp-container-core-columns-is-layout-9d6595d7 wp-block-columns-is-layout-flex\" style=\"color:#800000;background-color:#fbf7c3\">\n<div class=\"wp-block-column is-vertically-aligned-center is-layout-flow wp-block-column-is-layout-flow\" style=\"flex-basis:68%\">\n<p class=\"has-text-align-center has-black-color has-text-color has-link-color wp-elements-3026e3b46fd755c60ff2dfd8f9c91e19\">MA CHA\u00ceNE VID\u00c9O (cliquer sur l&rsquo;image)<\/p>\n<\/div>\n\n\n\n<div class=\"wp-block-column is-layout-flow wp-block-column-is-layout-flow\" style=\"flex-basis:32%\">\n<figure class=\"wp-block-image size-full\"><a href=\"https:\/\/videomensoif.ynh.fr\/c\/marches_pmr\/video-playlists\"><img loading=\"lazy\" decoding=\"async\" width=\"500\" height=\"351\" src=\"https:\/\/blog.nicolasderauglaudre.net\/wp-content\/uploads\/2023\/09\/television-mini.png\" alt=\"\" class=\"wp-image-1838093\" srcset=\"https:\/\/blog.nicolasderauglaudre.net\/wp-content\/uploads\/2023\/09\/television-mini.png 500w, https:\/\/blog.nicolasderauglaudre.net\/wp-content\/uploads\/2023\/09\/television-mini-300x211.png 300w\" sizes=\"auto, (max-width: 500px) 100vw, 500px\" \/><\/a><\/figure>\n<\/div>\n<\/div>\n\n\n\n<hr class=\"wp-block-separator has-text-color has-alpha-channel-opacity has-background is-style-wide\" style=\"background-color:#800000;color:#800000\"\/>\n\n\n\n<div class=\"wp-block-buttons is-content-justification-center is-layout-flex wp-container-core-buttons-is-layout-16018d1d wp-block-buttons-is-layout-flex\">\n<div class=\"wp-block-button is-style-fill\"><a class=\"wp-block-button__link has-black-color has-text-color has-background has-link-color has-medium-font-size has-text-align-center has-custom-font-size wp-element-button\" style=\"border-radius:24px;background-color:#fbf7c3\">MES MARCHES<\/a><\/div>\n<\/div>\n\n\n\n<div class=\"wp-block-columns has-background is-layout-flex wp-container-core-columns-is-layout-9d6595d7 wp-block-columns-is-layout-flex\" style=\"background-color:#fbf7c3\">\n<div class=\"wp-block-column is-layout-flow wp-block-column-is-layout-flow\">\n<figure class=\"wp-block-image size-large is-style-default\"><a href=\"https:\/\/blog.nicolasderauglaudre.net\/?page_id=1838250\"><img loading=\"lazy\" decoding=\"async\" width=\"1024\" height=\"768\" src=\"https:\/\/blog.nicolasderauglaudre.net\/wp-content\/uploads\/2023\/08\/2023-06-14-Montana-Sansepolcro-55-1024x768.jpg\" alt=\"\" class=\"wp-image-1838082\" srcset=\"https:\/\/blog.nicolasderauglaudre.net\/wp-content\/uploads\/2023\/08\/2023-06-14-Montana-Sansepolcro-55-1024x768.jpg 1024w, https:\/\/blog.nicolasderauglaudre.net\/wp-content\/uploads\/2023\/08\/2023-06-14-Montana-Sansepolcro-55-300x225.jpg 300w, https:\/\/blog.nicolasderauglaudre.net\/wp-content\/uploads\/2023\/08\/2023-06-14-Montana-Sansepolcro-55-768x576.jpg 768w, https:\/\/blog.nicolasderauglaudre.net\/wp-content\/uploads\/2023\/08\/2023-06-14-Montana-Sansepolcro-55-1536x1152.jpg 1536w, https:\/\/blog.nicolasderauglaudre.net\/wp-content\/uploads\/2023\/08\/2023-06-14-Montana-Sansepolcro-55-2048x1536.jpg 2048w\" sizes=\"auto, (max-width: 1024px) 100vw, 1024px\" \/><\/a><\/figure>\n\n\n\n<p class=\"has-text-align-center has-small-font-size\"><strong>Chemin d&rsquo;Assise<\/strong><\/p>\n<\/div>\n\n\n\n<div class=\"wp-block-column is-layout-flow wp-block-column-is-layout-flow\">\n<figure class=\"wp-block-image size-full\"><a href=\"https:\/\/blog.nicolasderauglaudre.net\/?page_id=1838184\"><img loading=\"lazy\" decoding=\"async\" width=\"640\" height=\"360\" src=\"https:\/\/blog.nicolasderauglaudre.net\/wp-content\/uploads\/2020\/04\/Bucor-Moclin18.jpg\" alt=\"\" class=\"wp-image-1284498\" srcset=\"https:\/\/blog.nicolasderauglaudre.net\/wp-content\/uploads\/2020\/04\/Bucor-Moclin18.jpg 640w, https:\/\/blog.nicolasderauglaudre.net\/wp-content\/uploads\/2020\/04\/Bucor-Moclin18-300x169.jpg 300w\" sizes=\"auto, (max-width: 640px) 100vw, 640px\" \/><\/a><\/figure>\n\n\n\n<p class=\"has-text-align-center has-small-font-size\"><strong>Chemins de Compostelle<\/strong><br>(Mozarabe, Podiensis, Franc\u00e9s, Portugais, <br>Arles, Pi\u00e9mont, Norte, etc.)<\/p>\n<\/div>\n<\/div>\n\n\n\n<hr class=\"wp-block-separator has-text-color has-alpha-channel-opacity has-background is-style-wide\" style=\"background-color:#800000;color:#800000\"\/>\n\n\n\n<div class=\"wp-block-buttons is-content-justification-center is-layout-flex wp-container-core-buttons-is-layout-16018d1d wp-block-buttons-is-layout-flex\">\n<div class=\"wp-block-button\"><a class=\"wp-block-button__link has-black-color has-text-color has-background has-link-color has-medium-font-size has-custom-font-size wp-element-button\" style=\"border-radius:24px;background-color:#e2e3e4\">VOYAGES DIVERS<\/a><\/div>\n<\/div>\n\n\n\n<div class=\"wp-block-media-text has-media-on-the-right is-stacked-on-mobile has-background\" style=\"background-color:#adcbd9;grid-template-columns:auto 17%\"><div class=\"wp-block-media-text__content\">\n<p class=\"has-text-align-center has-light-gray-background-color has-background\"><a href=\"https:\/\/blog.nicolasderauglaudre.net\/?p=3097\"><strong>BOLIVIE<\/strong><\/a> (Octobre 2018).<\/p>\n\n\n\n<p class=\"has-text-align-right has-background\" style=\"background-color:#adcbd9\"><em>\u00a0Photo : jeune femme de Potosi<\/em>   <\/p>\n<\/div><figure class=\"wp-block-media-text__media\"><a href=\"https:\/\/blog.nicolasderauglaudre.net\/?p=3097\"><img loading=\"lazy\" decoding=\"async\" width=\"567\" height=\"800\" src=\"https:\/\/blog.nicolasderauglaudre.net\/wp-content\/uploads\/2018\/11\/2018-10-07-Bolivie-Cochabamba-26p.jpg\" alt=\"\" class=\"wp-image-3408 size-full\" srcset=\"https:\/\/blog.nicolasderauglaudre.net\/wp-content\/uploads\/2018\/11\/2018-10-07-Bolivie-Cochabamba-26p.jpg 567w, https:\/\/blog.nicolasderauglaudre.net\/wp-content\/uploads\/2018\/11\/2018-10-07-Bolivie-Cochabamba-26p-213x300.jpg 213w\" sizes=\"auto, (max-width: 567px) 100vw, 567px\" \/><\/a><\/figure><\/div>\n\n\n\n<hr class=\"wp-block-separator has-text-color has-alpha-channel-opacity has-background is-style-wide\" style=\"background-color:#800000;color:#800000\"\/>\n\n\n\n<div class=\"wp-block-buttons is-content-justification-center is-layout-flex wp-container-core-buttons-is-layout-16018d1d wp-block-buttons-is-layout-flex\">\n<div class=\"wp-block-button\"><a class=\"wp-block-button__link has-light-gray-color has-text-color has-background has-link-color has-custom-font-size wp-element-button\" style=\"background-color:#fe3d39;font-size:24px\">R\u00c9FLEXIONS et CR\u00c9ATIONS<\/a><\/div>\n<\/div>\n\n\n\n<div style=\"height:13px\" aria-hidden=\"true\" class=\"wp-block-spacer\"><\/div>\n\n\n\n<div class=\"wp-block-media-text is-stacked-on-mobile has-background\" style=\"background:linear-gradient(135deg,rgb(254,205,165) 0%,rgb(254,45,45) 100%,rgb(107,0,62) 100%);grid-template-columns:17% auto\"><figure class=\"wp-block-media-text__media\"><a href=\"http:\/\/www.nicolasderauglaudre.net\/morin\/\"><img loading=\"lazy\" decoding=\"async\" width=\"200\" height=\"147\" src=\"https:\/\/blog.nicolasderauglaudre.net\/wp-content\/uploads\/2021\/03\/edgar_morin.png\" alt=\"\" class=\"wp-image-1310926 size-full\"\/><\/a><\/figure><div class=\"wp-block-media-text__content\">\n<p class=\"has-light-gray-color has-text-color has-background has-link-color wp-elements-76201442712df9ee2ae7ced45f5d0caa\" style=\"background-color:#ff5246;font-size:18px\"><strong>MONTAGE sur la pens\u00e9e d&rsquo;EDGAR MORIN<\/strong><\/p>\n\n\n\n<p class=\"has-light-gray-color has-text-color has-background has-link-color wp-elements-b760d78dee03b8cb23ad4d0218c494d7\" style=\"background-color:#ff5246;font-size:14px\">et des \u00ab\u00a0SEPT SAVOIRS pour L&rsquo;\u00c9DUCATION du FUTUR\u00a0\u00bb<\/p>\n<\/div><\/div>\n\n\n\n<div class=\"wp-block-media-text has-media-on-the-right is-stacked-on-mobile has-background\" style=\"background:linear-gradient(315deg,rgb(254,205,165) 0%,rgb(254,45,45) 100%,rgb(107,0,62) 100%);grid-template-columns:auto 17%\"><div class=\"wp-block-media-text__content\">\n<p class=\"has-text-align-center has-light-gray-color has-text-color has-background has-link-color wp-elements-87a1195e609d86f16c66a2328e147e08\" style=\"background-color:#fe3835;font-size:18px\"><strong>Pierre TEILHARD de CHARDIN<\/strong><\/p>\n\n\n\n<ul class=\"wp-block-list\">\n<li class=\"has-light-gray-color has-text-color has-link-color wp-elements-ad23dd2e3dc3e60fdd13509ee183d9d0\"><strong>cliquer sur l&rsquo;image pour ouvrir le montage <\/strong><\/li>\n<\/ul>\n<\/div><figure class=\"wp-block-media-text__media\"><a href=\"http:\/\/teilhard.nicolasderauglaudre.net\/teilhard.html\"><img loading=\"lazy\" decoding=\"async\" width=\"180\" height=\"238\" src=\"https:\/\/blog.nicolasderauglaudre.net\/wp-content\/uploads\/2022\/05\/teilhard.jpg\" alt=\"\" class=\"wp-image-1516674 size-full\"\/><\/a><\/figure><\/div>\n\n\n\n<div style=\"height:26px\" aria-hidden=\"true\" class=\"wp-block-spacer\"><\/div>\n","protected":false},"excerpt":{"rendered":"<p>Bienvenue sur le blog libre de Nicolas de Rauglaudre (marcheur handicap\u00e9, ancien enseignant-chercheur pluridisciplinaire) (Pascal) : \u00ab Toutes choses \u00e9tant caus\u00e9es et causantes, aid\u00e9es et aidantes, m\u00e9diates et imm\u00e9diates et toutes par un lien naturel et insensible qui lie les &hellip; <a href=\"https:\/\/blog.nicolasderauglaudre.net\/\">Continuer la lecture <span class=\"meta-nav\">&rarr;<\/span><\/a><\/p>\n","protected":false},"author":1,"featured_media":0,"parent":0,"menu_order":0,"comment_status":"closed","ping_status":"closed","template":"","meta":{"footnotes":""},"class_list":["post-1838144","page","type-page","status-publish","hentry"],"_links":{"self":[{"href":"https:\/\/blog.nicolasderauglaudre.net\/index.php?rest_route=\/wp\/v2\/pages\/1838144","targetHints":{"allow":["GET"]}}],"collection":[{"href":"https:\/\/blog.nicolasderauglaudre.net\/index.php?rest_route=\/wp\/v2\/pages"}],"about":[{"href":"https:\/\/blog.nicolasderauglaudre.net\/index.php?rest_route=\/wp\/v2\/types\/page"}],"author":[{"embeddable":true,"href":"https:\/\/blog.nicolasderauglaudre.net\/index.php?rest_route=\/wp\/v2\/users\/1"}],"replies":[{"embeddable":true,"href":"https:\/\/blog.nicolasderauglaudre.net\/index.php?rest_route=%2Fwp%2Fv2%2Fcomments&post=1838144"}],"version-history":[{"count":86,"href":"https:\/\/blog.nicolasderauglaudre.net\/index.php?rest_route=\/wp\/v2\/pages\/1838144\/revisions"}],"predecessor-version":[{"id":1839398,"href":"https:\/\/blog.nicolasderauglaudre.net\/index.php?rest_route=\/wp\/v2\/pages\/1838144\/revisions\/1839398"}],"wp:attachment":[{"href":"https:\/\/blog.nicolasderauglaudre.net\/index.php?rest_route=%2Fwp%2Fv2%2Fmedia&parent=1838144"}],"curies":[{"name":"wp","href":"https:\/\/api.w.org\/{rel}","templated":true}]}}