{"id":1838124,"date":"2023-10-07T16:12:00","date_gmt":"2023-10-07T16:12:00","guid":{"rendered":"https:\/\/blog.nicolasderauglaudre.net\/?page_id=1838124"},"modified":"2025-10-20T15:17:19","modified_gmt":"2025-10-20T15:17:19","slug":"handicap-2","status":"publish","type":"page","link":"https:\/\/blog.nicolasderauglaudre.net\/?page_id=1838124","title":{"rendered":"Handicap"},"content":{"rendered":"\n<p>Comme certains parmi mes lecteurs le savent, je suis handicap\u00e9 physique depuis l&rsquo;\u00e2ge de 18 ans : amput\u00e9 de la jambe droite au niveau f\u00e9moral et atteint d&rsquo;une ALD et de quelques autres casseroles.<\/p>\n\n\n\n<p class=\"has-white-color has-blue-background-color has-text-color has-background has-link-color wp-elements-187dd1b7ebf23464856d81047bf53390\"><strong>Les Jeux Paralympiques bien m\u00e9diatis\u00e9s ont permis de d\u00e9voiler un petit peu du monde du handicap. Mais l&rsquo;arbre ne doit pas cacher la for\u00eat&#8230; For\u00eat de situations multiples, de handicaps multiples et d&rsquo;obstacles \u00e0 franchir pour une reconnaissance politique, sociale, \u00e9conomique et psychologique.<br>Pour cette raison, j&rsquo;ai d\u00e9cid\u00e9 de regrouper les articles que j&rsquo;ai pu \u00e9crire dans notre Magazine ADEPA et les laisser \u00e0 la lecture des int\u00e9ress\u00e9s. Vous les retrouverez sur la page <a href=\"https:\/\/blog.nicolasderauglaudre.net\/?page_id=1838263\" data-type=\"page\" data-id=\"1838263\"><mark>PUBLICATIONS<\/mark><\/a><\/strong><\/p>\n\n\n\n<p class=\"has-background\" style=\"background:linear-gradient(135deg,rgb(202,248,128) 0%,rgb(209,243,214) 100%)\">&#8211; \u00c0 plusieurs reprises au cours de ma carri\u00e8re professionnelle, j&rsquo;ai eu l&rsquo;occasion de m&rsquo;occuper de travailleurs handicap\u00e9s.<br>&#8211; Par ailleurs, mon histoire personnelle m&rsquo;a permis de mettre en \u00e9vidence les d\u00e9g\u00e2ts collat\u00e9raux d&rsquo;\u00eatre handicap\u00e9 physique dans une soci\u00e9t\u00e9 fran\u00e7aise qui ne l&rsquo;accepte pas vraiment&#8230;<\/p>\n\n\n\n<div class=\"wp-block-media-text is-stacked-on-mobile has-background\" style=\"background:linear-gradient(135deg,rgb(255,255,255) 0%,rgba(46,123,255,0.37) 100%);grid-template-columns:25% auto\"><figure class=\"wp-block-media-text__media\"><a href=\"https:\/\/www.adepa.fr\"><img loading=\"lazy\" decoding=\"async\" width=\"1024\" height=\"839\" src=\"https:\/\/blog.nicolasderauglaudre.net\/wp-content\/uploads\/2023\/10\/Logo-ADEPA-bleu-1024x839.jpg\" alt=\"\" class=\"wp-image-1838128 size-full\" srcset=\"https:\/\/blog.nicolasderauglaudre.net\/wp-content\/uploads\/2023\/10\/Logo-ADEPA-bleu-1024x839.jpg 1024w, https:\/\/blog.nicolasderauglaudre.net\/wp-content\/uploads\/2023\/10\/Logo-ADEPA-bleu-300x246.jpg 300w, https:\/\/blog.nicolasderauglaudre.net\/wp-content\/uploads\/2023\/10\/Logo-ADEPA-bleu-768x629.jpg 768w, https:\/\/blog.nicolasderauglaudre.net\/wp-content\/uploads\/2023\/10\/Logo-ADEPA-bleu.jpg 1177w\" sizes=\"auto, (max-width: 1024px) 100vw, 1024px\" \/><\/a><\/figure><div class=\"wp-block-media-text__content\">\n<p>Depuis le printemps 2023, je suis <strong>secr\u00e9taire de l&rsquo;association ADEPA<\/strong> <em>(Association de D\u00e9fense et d&rsquo;Entraide des Personnes Amput\u00e9es -environ 800 adh\u00e9rents-)<\/em><br>&#8211; En plus du travail d&rsquo;un secr\u00e9taire d&rsquo;association et d&rsquo;une activit\u00e9 de contact en Is\u00e8re, je m&rsquo;occupe avec une petite \u00e9quipe de la communication : magazines, Lettre de Valentin (nouvelles des adh\u00e9rents), Site internet, publications diverses.<\/p>\n<\/div><\/div>\n\n\n\n<div class=\"wp-block-media-text is-stacked-on-mobile has-background\" style=\"background:linear-gradient(135deg,rgb(134,146,122) 0%,rgb(204,237,177) 100%)\"><figure class=\"wp-block-media-text__media\"><a href=\"https:\/\/www.adepa.fr\/wp-content\/uploads\/2025\/08\/Magazine-26-web.pdf\"><img loading=\"lazy\" decoding=\"async\" width=\"707\" height=\"1000\" src=\"https:\/\/blog.nicolasderauglaudre.net\/wp-content\/uploads\/2025\/10\/Mag26-couverture-site.png\" alt=\"\" class=\"wp-image-1839404 size-full\" srcset=\"https:\/\/blog.nicolasderauglaudre.net\/wp-content\/uploads\/2025\/10\/Mag26-couverture-site.png 707w, https:\/\/blog.nicolasderauglaudre.net\/wp-content\/uploads\/2025\/10\/Mag26-couverture-site-212x300.png 212w\" sizes=\"auto, (max-width: 707px) 100vw, 707px\" \/><\/a><\/figure><div class=\"wp-block-media-text__content\">\n<h3 class=\"wp-block-heading has-text-align-center\"><strong>Magazine 26 de l&rsquo;ADEPA<\/strong><br>Juin 2025<\/h3>\n\n\n\n<p style=\"text-align: center;\"><strong>Dossier central :\u00a0<br \/>Voyager comme PMR<\/strong><\/p>\n\n\n\n<p class=\"has-text-align-center\">Pour l&rsquo;avoir en PDF, cliquer sur l&rsquo;image<\/p>\n<\/div><\/div>\n\n\n\n<div class=\"wp-block-media-text is-stacked-on-mobile has-background\" style=\"background:linear-gradient(135deg,rgb(134,146,122) 0%,rgb(204,237,177) 100%)\"><figure class=\"wp-block-media-text__media\"><a href=\"https:\/\/www.adepa.fr\/wp-content\/uploads\/2025\/01\/MAGAZINE12-25-optimise.pdf\"><img loading=\"lazy\" decoding=\"async\" width=\"500\" height=\"707\" src=\"https:\/\/blog.nicolasderauglaudre.net\/wp-content\/uploads\/2025\/10\/Mag25_couverture.png\" alt=\"\" class=\"wp-image-1839410 size-full\" srcset=\"https:\/\/blog.nicolasderauglaudre.net\/wp-content\/uploads\/2025\/10\/Mag25_couverture.png 500w, https:\/\/blog.nicolasderauglaudre.net\/wp-content\/uploads\/2025\/10\/Mag25_couverture-212x300.png 212w\" sizes=\"auto, (max-width: 500px) 100vw, 500px\" \/><\/a><\/figure><div class=\"wp-block-media-text__content\">\n<h3 class=\"wp-block-heading has-text-align-center\"><strong>Magazine 25 de l&rsquo;ADEPA<\/strong><br>D\u00e9cembre 2025<\/h3>\n\n\n\n<p style=\"text-align: center;\"><strong>Dossier central : <br \/>L&rsquo;expertise<\/strong><\/p>\n\n\n\n<p class=\"has-text-align-center\">Pour l&rsquo;avoir en PDF, cliquer sur l&rsquo;image<\/p>\n<\/div><\/div>\n\n\n\n<div class=\"wp-block-media-text is-stacked-on-mobile has-background\" style=\"background:linear-gradient(135deg,rgb(134,146,122) 0%,rgb(204,237,177) 100%)\"><figure class=\"wp-block-media-text__media\"><a href=\"https:\/\/www.adepa.fr\/wp-content\/uploads\/2024\/07\/Mag-24.pdf\"><img loading=\"lazy\" decoding=\"async\" width=\"723\" height=\"1024\" src=\"https:\/\/blog.nicolasderauglaudre.net\/wp-content\/uploads\/2024\/10\/Mag-24-723x1024.png\" alt=\"\" class=\"wp-image-1838712 size-full\" srcset=\"https:\/\/blog.nicolasderauglaudre.net\/wp-content\/uploads\/2024\/10\/Mag-24-723x1024.png 723w, https:\/\/blog.nicolasderauglaudre.net\/wp-content\/uploads\/2024\/10\/Mag-24-212x300.png 212w, https:\/\/blog.nicolasderauglaudre.net\/wp-content\/uploads\/2024\/10\/Mag-24-768x1087.png 768w, https:\/\/blog.nicolasderauglaudre.net\/wp-content\/uploads\/2024\/10\/Mag-24-1085x1536.png 1085w, https:\/\/blog.nicolasderauglaudre.net\/wp-content\/uploads\/2024\/10\/Mag-24.png 1199w\" sizes=\"auto, (max-width: 723px) 100vw, 723px\" \/><\/a><\/figure><div class=\"wp-block-media-text__content\">\n<h3 class=\"wp-block-heading has-text-align-center\"><strong>Magazine 24 de l&rsquo;ADEPA<\/strong><br>Juin 2024<\/h3>\n\n\n\n<p style=\"text-align: center;\"><strong>Dossier central : <br>Les Jeux Paralympiques<\/strong><\/p>\n\n\n\n<p class=\"has-text-align-center\">Pour l&rsquo;avoir en PDF, cliquer sur l&rsquo;image<\/p>\n<\/div><\/div>\n\n\n\n<div class=\"wp-block-media-text is-stacked-on-mobile has-background\" style=\"background:linear-gradient(135deg,rgb(134,146,122) 0%,rgb(204,237,177) 100%)\"><figure class=\"wp-block-media-text__media\"><a href=\"https:\/\/www.adepa.fr\/wp-content\/uploads\/2023\/10\/Mag-23.pdf\"><img loading=\"lazy\" decoding=\"async\" width=\"723\" height=\"1024\" src=\"https:\/\/blog.nicolasderauglaudre.net\/wp-content\/uploads\/2024\/03\/Mag-23-723x1024.png\" alt=\"\" class=\"wp-image-1838551 size-full\" srcset=\"https:\/\/blog.nicolasderauglaudre.net\/wp-content\/uploads\/2024\/03\/Mag-23-723x1024.png 723w, https:\/\/blog.nicolasderauglaudre.net\/wp-content\/uploads\/2024\/03\/Mag-23-212x300.png 212w, https:\/\/blog.nicolasderauglaudre.net\/wp-content\/uploads\/2024\/03\/Mag-23-768x1087.png 768w, https:\/\/blog.nicolasderauglaudre.net\/wp-content\/uploads\/2024\/03\/Mag-23-1085x1536.png 1085w, https:\/\/blog.nicolasderauglaudre.net\/wp-content\/uploads\/2024\/03\/Mag-23.png 1200w\" sizes=\"auto, (max-width: 723px) 100vw, 723px\" \/><\/a><\/figure><div class=\"wp-block-media-text__content\">\n<h3 class=\"wp-block-heading has-text-align-center\"><strong>Magazine 23 de l&rsquo;ADEPA<\/strong><br>Novembre 2023<\/h3>\n\n\n\n<p style=\"text-align: center;\"><strong>Dossier central : <br \/>les douleurs fant\u00f4mes<\/strong><\/p>\n\n\n\n<p class=\"has-text-align-center\">Pour l&rsquo;avoir en PDF, cliquer sur l&rsquo;image<\/p>\n<\/div><\/div>\n\n\n\n<p><\/p>\n","protected":false},"excerpt":{"rendered":"<p>Comme certains parmi mes lecteurs le savent, je suis handicap\u00e9 physique depuis l&rsquo;\u00e2ge de 18 ans : amput\u00e9 de la jambe droite au niveau f\u00e9moral et atteint d&rsquo;une ALD et de quelques autres casseroles. Les Jeux Paralympiques bien m\u00e9diatis\u00e9s ont &hellip; <a href=\"https:\/\/blog.nicolasderauglaudre.net\/?page_id=1838124\">Continuer la lecture <span class=\"meta-nav\">&rarr;<\/span><\/a><\/p>\n","protected":false},"author":1,"featured_media":0,"parent":0,"menu_order":0,"comment_status":"closed","ping_status":"closed","template":"","meta":{"footnotes":""},"class_list":["post-1838124","page","type-page","status-publish","hentry"],"_links":{"self":[{"href":"https:\/\/blog.nicolasderauglaudre.net\/index.php?rest_route=\/wp\/v2\/pages\/1838124","targetHints":{"allow":["GET"]}}],"collection":[{"href":"https:\/\/blog.nicolasderauglaudre.net\/index.php?rest_route=\/wp\/v2\/pages"}],"about":[{"href":"https:\/\/blog.nicolasderauglaudre.net\/index.php?rest_route=\/wp\/v2\/types\/page"}],"author":[{"embeddable":true,"href":"https:\/\/blog.nicolasderauglaudre.net\/index.php?rest_route=\/wp\/v2\/users\/1"}],"replies":[{"embeddable":true,"href":"https:\/\/blog.nicolasderauglaudre.net\/index.php?rest_route=%2Fwp%2Fv2%2Fcomments&post=1838124"}],"version-history":[{"count":14,"href":"https:\/\/blog.nicolasderauglaudre.net\/index.php?rest_route=\/wp\/v2\/pages\/1838124\/revisions"}],"predecessor-version":[{"id":1839413,"href":"https:\/\/blog.nicolasderauglaudre.net\/index.php?rest_route=\/wp\/v2\/pages\/1838124\/revisions\/1839413"}],"wp:attachment":[{"href":"https:\/\/blog.nicolasderauglaudre.net\/index.php?rest_route=%2Fwp%2Fv2%2Fmedia&parent=1838124"}],"curies":[{"name":"wp","href":"https:\/\/api.w.org\/{rel}","templated":true}]}}